{"id":36,"date":"2019-11-11T09:06:48","date_gmt":"2019-11-11T09:06:48","guid":{"rendered":"http:\/\/gite.usal.es\/?page_id=36"},"modified":"2019-11-13T18:31:49","modified_gmt":"2019-11-13T18:31:49","slug":"lineas-de-investigacion","status":"publish","type":"page","link":"https:\/\/gite.usal.es\/en\/lineas-de-investigacion\/","title":{"rendered":"(Espa\u00f1ol) L\u00edneas de Investigaci\u00f3n"},"content":{"rendered":"<p><\/p>\n<h4><span style=\"color: #800000\">Research areas<\/span><\/h4>\n<ul style=\"list-style-type: square\">\n<li>\n<h5>The incorporation of Information and Comunication Technologies (ICT) in educational processes.<\/h5>\n<\/li>\n<li>\n<h5>Teacher education and teacher professionalization in ICT supported contexts.<\/h5>\n<\/li>\n<li>\n<h5>Learning processes changes mediated by ICT and possibilities for collaborative learning.<\/h5>\n<\/li>\n<li>\n<h5>Student academic performance in ICT supported contexts.<\/h5>\n<\/li>\n<\/ul>\n<p><\/p>","protected":false},"excerpt":{"rendered":"<p>Research areas The incorporation of Information and Comunication Technologies (ICT) in educational processes. Teacher education and teacher professionalization in ICT supported contexts. Learning processes changes mediated by ICT and possibilities for collaborative learning. Student academic performance in ICT supported contexts.<\/p>\n","protected":false},"author":1,"featured_media":0,"parent":0,"menu_order":0,"comment_status":"closed","ping_status":"closed","template":"","meta":{"footnotes":""},"class_list":["post-36","page","type-page","status-publish","hentry"],"aioseo_notices":[],"_links":{"self":[{"href":"https:\/\/gite.usal.es\/en\/wp-json\/wp\/v2\/pages\/36","targetHints":{"allow":["GET"]}}],"collection":[{"href":"https:\/\/gite.usal.es\/en\/wp-json\/wp\/v2\/pages"}],"about":[{"href":"https:\/\/gite.usal.es\/en\/wp-json\/wp\/v2\/types\/page"}],"author":[{"embeddable":true,"href":"https:\/\/gite.usal.es\/en\/wp-json\/wp\/v2\/users\/1"}],"replies":[{"embeddable":true,"href":"https:\/\/gite.usal.es\/en\/wp-json\/wp\/v2\/comments?post=36"}],"version-history":[{"count":11,"href":"https:\/\/gite.usal.es\/en\/wp-json\/wp\/v2\/pages\/36\/revisions"}],"predecessor-version":[{"id":125,"href":"https:\/\/gite.usal.es\/en\/wp-json\/wp\/v2\/pages\/36\/revisions\/125"}],"wp:attachment":[{"href":"https:\/\/gite.usal.es\/en\/wp-json\/wp\/v2\/media?parent=36"}],"curies":[{"name":"wp","href":"https:\/\/api.w.org\/{rel}","templated":true}]}}